{"id":1,"date":"2025-10-27T12:51:40","date_gmt":"2025-10-27T12:51:40","guid":{"rendered":"http:\/\/www.linamar.com\/?p=1"},"modified":"2026-04-17T22:16:23","modified_gmt":"2026-04-17T22:16:23","slug":"sustainability","status":"publish","type":"page","link":"https:\/\/www.linamar.com\/hu\/sustainability\/","title":{"rendered":"Fenntarthat\u00f3s\u00e1g"},"content":{"rendered":"<p>\u00dcdv\u00f6z\u00f6llek a WordPressben. Ez az els\u0151 bejegyz\u00e9sed. Szerkeszd vagy t\u00f6r\u00f6ld, majd kezdj el \u00edrni!<\/p>","protected":false},"excerpt":{"rendered":"<p>\u00dcdv\u00f6z\u00f6llek a WordPressben. Ez az els\u0151 bejegyz\u00e9sed. Szerkeszd vagy t\u00f6r\u00f6ld, majd kezdj el \u00edrni!<\/p>","protected":false},"author":1,"featured_media":0,"parent":0,"menu_order":0,"comment_status":"open","ping_status":"open","template":"templates\/flexible-layout.php","meta":{"_acf_changed":false},"class_list":["post-1","page","type-page","status-publish","hentry"],"acf":[],"_links":{"self":[{"href":"https:\/\/www.linamar.com\/hu\/wp-json\/wp\/v2\/pages\/1","targetHints":{"allow":["GET"]}}],"collection":[{"href":"https:\/\/www.linamar.com\/hu\/wp-json\/wp\/v2\/pages"}],"about":[{"href":"https:\/\/www.linamar.com\/hu\/wp-json\/wp\/v2\/types\/page"}],"author":[{"embeddable":true,"href":"https:\/\/www.linamar.com\/hu\/wp-json\/wp\/v2\/users\/1"}],"replies":[{"embeddable":true,"href":"https:\/\/www.linamar.com\/hu\/wp-json\/wp\/v2\/comments?post=1"}],"version-history":[{"count":3,"href":"https:\/\/www.linamar.com\/hu\/wp-json\/wp\/v2\/pages\/1\/revisions"}],"predecessor-version":[{"id":14200,"href":"https:\/\/www.linamar.com\/hu\/wp-json\/wp\/v2\/pages\/1\/revisions\/14200"}],"wp:attachment":[{"href":"https:\/\/www.linamar.com\/hu\/wp-json\/wp\/v2\/media?parent=1"}],"curies":[{"name":"wp","href":"https:\/\/api.w.org\/{rel}","templated":true}]}}